{"id":433,"date":"2024-02-06T17:22:58","date_gmt":"2024-02-06T17:22:58","guid":{"rendered":"https:\/\/tudatosletiskolaja.hu\/index.php\/easteregg\/"},"modified":"2024-08-09T17:56:39","modified_gmt":"2024-08-09T17:56:39","slug":"easteregg","status":"publish","type":"page","link":"https:\/\/tudatosletiskolaja.hu\/index.php\/easteregg\/","title":{"rendered":"Easteregg"},"content":{"rendered":"\n\n\n\n","protected":false},"excerpt":{"rendered":"","protected":false},"author":1,"featured_media":0,"parent":0,"menu_order":0,"comment_status":"closed","ping_status":"closed","template":"full-width","meta":{"saved_in_kubio":true,"footnotes":""},"class_list":["post-433","page","type-page","status-publish","hentry"],"kubio_ai_page_context":{"short_desc":"","purpose":"general"},"yoast_head":"<!-- This site is optimized with the Yoast SEO plugin v27.4 - https:\/\/yoast.com\/product\/yoast-seo-wordpress\/ -->\n<title>Easteregg - Tudatos L\u00e9t Iskol\u00e1ja<\/title>\n<meta name=\"robots\" content=\"index, follow, max-snippet:-1, max-image-preview:large, max-video-preview:-1\" \/>\n<link rel=\"canonical\" href=\"https:\/\/tudatosletiskolaja.hu\/index.php\/easteregg\/\" \/>\n<meta property=\"og:locale\" content=\"hu_HU\" \/>\n<meta property=\"og:type\" content=\"article\" \/>\n<meta property=\"og:title\" content=\"Easteregg - Tudatos L\u00e9t Iskol\u00e1ja\" \/>\n<meta property=\"og:url\" content=\"https:\/\/tudatosletiskolaja.hu\/index.php\/easteregg\/\" \/>\n<meta property=\"og:site_name\" content=\"Tudatos L\u00e9t Iskol\u00e1ja\" \/>\n<meta property=\"article:modified_time\" content=\"2024-08-09T17:56:39+00:00\" \/>\n<meta name=\"twitter:card\" content=\"summary_large_image\" \/>\n<script type=\"application\/ld+json\" class=\"yoast-schema-graph\">{\"@context\":\"https:\\\/\\\/schema.org\",\"@graph\":[{\"@type\":\"WebPage\",\"@id\":\"https:\\\/\\\/tudatosletiskolaja.hu\\\/index.php\\\/easteregg\\\/\",\"url\":\"https:\\\/\\\/tudatosletiskolaja.hu\\\/index.php\\\/easteregg\\\/\",\"name\":\"Easteregg - Tudatos L\u00e9t Iskol\u00e1ja\",\"isPartOf\":{\"@id\":\"https:\\\/\\\/tudatosletiskolaja.hu\\\/#website\"},\"datePublished\":\"2024-02-06T17:22:58+00:00\",\"dateModified\":\"2024-08-09T17:56:39+00:00\",\"breadcrumb\":{\"@id\":\"https:\\\/\\\/tudatosletiskolaja.hu\\\/index.php\\\/easteregg\\\/#breadcrumb\"},\"inLanguage\":\"hu\",\"potentialAction\":[{\"@type\":\"ReadAction\",\"target\":[\"https:\\\/\\\/tudatosletiskolaja.hu\\\/index.php\\\/easteregg\\\/\"]}]},{\"@type\":\"BreadcrumbList\",\"@id\":\"https:\\\/\\\/tudatosletiskolaja.hu\\\/index.php\\\/easteregg\\\/#breadcrumb\",\"itemListElement\":[{\"@type\":\"ListItem\",\"position\":1,\"name\":\"Kezd\u0151lap\",\"item\":\"https:\\\/\\\/tudatosletiskolaja.hu\\\/\"},{\"@type\":\"ListItem\",\"position\":2,\"name\":\"Easteregg\"}]},{\"@type\":\"WebSite\",\"@id\":\"https:\\\/\\\/tudatosletiskolaja.hu\\\/#website\",\"url\":\"https:\\\/\\\/tudatosletiskolaja.hu\\\/\",\"name\":\"Tudatos L\u00e9t Iskol\u00e1ja\",\"description\":\"Tudatos L\u00e9t Iskol\u00e1ja\",\"potentialAction\":[{\"@type\":\"SearchAction\",\"target\":{\"@type\":\"EntryPoint\",\"urlTemplate\":\"https:\\\/\\\/tudatosletiskolaja.hu\\\/?s={search_term_string}\"},\"query-input\":{\"@type\":\"PropertyValueSpecification\",\"valueRequired\":true,\"valueName\":\"search_term_string\"}}],\"inLanguage\":\"hu\"}]}<\/script>\n<!-- \/ Yoast SEO plugin. -->","yoast_head_json":{"title":"Easteregg - Tudatos L\u00e9t Iskol\u00e1ja","robots":{"index":"index","follow":"follow","max-snippet":"max-snippet:-1","max-image-preview":"max-image-preview:large","max-video-preview":"max-video-preview:-1"},"canonical":"https:\/\/tudatosletiskolaja.hu\/index.php\/easteregg\/","og_locale":"hu_HU","og_type":"article","og_title":"Easteregg - Tudatos L\u00e9t Iskol\u00e1ja","og_url":"https:\/\/tudatosletiskolaja.hu\/index.php\/easteregg\/","og_site_name":"Tudatos L\u00e9t Iskol\u00e1ja","article_modified_time":"2024-08-09T17:56:39+00:00","twitter_card":"summary_large_image","schema":{"@context":"https:\/\/schema.org","@graph":[{"@type":"WebPage","@id":"https:\/\/tudatosletiskolaja.hu\/index.php\/easteregg\/","url":"https:\/\/tudatosletiskolaja.hu\/index.php\/easteregg\/","name":"Easteregg - Tudatos L\u00e9t Iskol\u00e1ja","isPartOf":{"@id":"https:\/\/tudatosletiskolaja.hu\/#website"},"datePublished":"2024-02-06T17:22:58+00:00","dateModified":"2024-08-09T17:56:39+00:00","breadcrumb":{"@id":"https:\/\/tudatosletiskolaja.hu\/index.php\/easteregg\/#breadcrumb"},"inLanguage":"hu","potentialAction":[{"@type":"ReadAction","target":["https:\/\/tudatosletiskolaja.hu\/index.php\/easteregg\/"]}]},{"@type":"BreadcrumbList","@id":"https:\/\/tudatosletiskolaja.hu\/index.php\/easteregg\/#breadcrumb","itemListElement":[{"@type":"ListItem","position":1,"name":"Kezd\u0151lap","item":"https:\/\/tudatosletiskolaja.hu\/"},{"@type":"ListItem","position":2,"name":"Easteregg"}]},{"@type":"WebSite","@id":"https:\/\/tudatosletiskolaja.hu\/#website","url":"https:\/\/tudatosletiskolaja.hu\/","name":"Tudatos L\u00e9t Iskol\u00e1ja","description":"Tudatos L\u00e9t Iskol\u00e1ja","potentialAction":[{"@type":"SearchAction","target":{"@type":"EntryPoint","urlTemplate":"https:\/\/tudatosletiskolaja.hu\/?s={search_term_string}"},"query-input":{"@type":"PropertyValueSpecification","valueRequired":true,"valueName":"search_term_string"}}],"inLanguage":"hu"}]}},"_links":{"self":[{"href":"https:\/\/tudatosletiskolaja.hu\/index.php\/wp-json\/wp\/v2\/pages\/433","targetHints":{"allow":["GET"]}}],"collection":[{"href":"https:\/\/tudatosletiskolaja.hu\/index.php\/wp-json\/wp\/v2\/pages"}],"about":[{"href":"https:\/\/tudatosletiskolaja.hu\/index.php\/wp-json\/wp\/v2\/types\/page"}],"author":[{"embeddable":true,"href":"https:\/\/tudatosletiskolaja.hu\/index.php\/wp-json\/wp\/v2\/users\/1"}],"replies":[{"embeddable":true,"href":"https:\/\/tudatosletiskolaja.hu\/index.php\/wp-json\/wp\/v2\/comments?post=433"}],"version-history":[{"count":7,"href":"https:\/\/tudatosletiskolaja.hu\/index.php\/wp-json\/wp\/v2\/pages\/433\/revisions"}],"predecessor-version":[{"id":730,"href":"https:\/\/tudatosletiskolaja.hu\/index.php\/wp-json\/wp\/v2\/pages\/433\/revisions\/730"}],"wp:attachment":[{"href":"https:\/\/tudatosletiskolaja.hu\/index.php\/wp-json\/wp\/v2\/media?parent=433"}],"curies":[{"name":"wp","href":"https:\/\/api.w.org\/{rel}","templated":true}]}}